{"id":1018,"date":"2024-06-20T14:14:28","date_gmt":"2024-06-20T20:14:28","guid":{"rendered":"https:\/\/litibubayclub.com\/privacidad\/"},"modified":"2024-08-29T13:33:26","modified_gmt":"2024-08-29T19:33:26","slug":"privacidad","status":"publish","type":"page","link":"https:\/\/litibubayclub.com\/es\/privacidad\/","title":{"rendered":"Privacidad"},"content":{"rendered":"<h3>PRIVACIDAD<\/h3>\n<p><em>En vigor desde el 1 de julio de 2024<\/em> Declaraci\u00f3n de privacidad sobre el uso de datos personales realizada por Litibu Bay Club (en adelante, conjuntamente, \u00abLBC\u00bb). <strong>Recogida de informaci\u00f3n:<\/strong> Nuestro servidor web reconoce autom\u00e1ticamente el nombre de dominio y la direcci\u00f3n IP de un visitante. Recopilamos y almacenamos esta informaci\u00f3n utilizando cookies u otras formas de tecnolog\u00edas de recopilaci\u00f3n, as\u00ed como informaci\u00f3n sobre las p\u00e1ginas a las que accedes o visitas, informaci\u00f3n que proporcionas, como informaci\u00f3n de encuestas, registros en el sitio y cualquier otra informaci\u00f3n que puedas suministrar, incluida la informaci\u00f3n que no est\u00e1 disponible p\u00fablicamente. Puedes eliminar o desactivar determinadas tecnolog\u00edas de recopilaci\u00f3n seleccionando la configuraci\u00f3n adecuada en tu navegador, aunque puede afectar a la funcionalidad de nuestro sitio web para ti. Nuestro sitio web tambi\u00e9n te permite solicitarnos m\u00e1s informaci\u00f3n. Siempre que te pongas en contacto con nosotros a trav\u00e9s del correo electr\u00f3nico o de la secci\u00f3n de registro de nuestro sitio web, o simplemente navegues por \u00e9l, nos estar\u00e1s facilitando tu nombre, direcci\u00f3n de correo electr\u00f3nico y cualquier informaci\u00f3n que decidas proporcionar en el texto de tu mensaje. <strong>Uso de la informaci\u00f3n personal:<\/strong> Utilizamos la informaci\u00f3n para seguir los patrones de tr\u00e1fico de visitantes para ayudarnos a mejorar la usabilidad de este sitio web, con fines de marketing y para mejorar el contenido de nuestro sitio web. Tambi\u00e9n podemos utilizar tu informaci\u00f3n personal para realizar estudios de mercado, planificar proyectos o elaborar listas de clientes potenciales para nuestras comunidades actuales y futuras. No vendemos la informaci\u00f3n a otras organizaciones con fines comerciales. Sin embargo, s\u00ed compartimos cierta informaci\u00f3n con nuestros afiliados, socios, consultores, corredores de proyectos y agentes de marketing para fines relacionados con Litibu Bay Club y las comunidades existentes y futuras de nuestras empresas afiliadas. Adem\u00e1s, divulgaremos la informaci\u00f3n que conservamos, incluida la informaci\u00f3n de identificaci\u00f3n personal, cuando as\u00ed lo exija la ley. Tambi\u00e9n podemos hacerlo en respuesta a una solicitud de una agencia o autoridad encargada de hacer cumplir la ley. <strong>Ni\u00f1os:<\/strong> Este sitio web no est\u00e1 destinado a menores de 18 a\u00f1os. No recopilamos conscientemente informaci\u00f3n personal de ni\u00f1os menores de 13 a\u00f1os. Si eres menor de 18 a\u00f1os, no utilices ni nos proporciones ninguna informaci\u00f3n sobre ti en el sitio web ni en ninguna de sus funciones ni a trav\u00e9s de ellas. Si nos enteramos de que hemos recopilado o recibido informaci\u00f3n personal de un menor de 18 a\u00f1os sin verificar el consentimiento paterno, eliminaremos dicha informaci\u00f3n. Si crees que podemos tener informaci\u00f3n de o sobre un menor de 18 a\u00f1os, ponte en contacto con nosotros en <a href=\"mailto:info@litibubayclub.com\">info@litibubayclub.com.<\/a> <strong>Enlaces:<\/strong> Este sitio web puede contener enlaces a sitios web de terceros para constructores de viviendas, minoristas, proveedores de servicios y otros, que se proporcionan \u00fanicamente para comodidad de los visitantes y no como una aprobaci\u00f3n de dichas partes o del contenido de sus sitios web. Aunque nos esforzamos por proporcionar \u00fanicamente enlaces a sitios web mantenidos por organizaciones acreditadas, debes ser consciente de que estos terceros podr\u00edan recopilar informaci\u00f3n de ti y sobre ti si visitas sus sitios web. En estos casos, esos terceros utilizar\u00e1n dicha informaci\u00f3n de acuerdo con sus propias pol\u00edticas de privacidad, que pueden diferir sustancialmente de nuestra pol\u00edtica. No asumimos ninguna responsabilidad por las pr\u00e1cticas de privacidad de esos otros sitios y no somos responsables de la disponibilidad ni del contenido de las p\u00e1ginas externas ni de ning\u00fan otro sitio vinculado a nuestro sitio web.                  Si enlazas con p\u00e1ginas externas u otros sitios, lo har\u00e1s por tu cuenta y riesgo. <strong>Protecci\u00f3n de la informaci\u00f3n personal:<\/strong> Nos preocupamos por mantener la seguridad de cualquier informaci\u00f3n personal que podamos recibir de ti y nos ocupamos de evitar el acceso no autorizado a la misma mediante la tecnolog\u00eda y los procedimientos internos adecuados. Sin embargo, no garantizamos que nunca se produzca un acceso no autorizado, y no somos responsables de las acciones de terceros que den lugar a violaciones de la seguridad. Cualquier informaci\u00f3n que nos transmitas lo har\u00e1s por tu cuenta y riesgo. Si en alg\u00fan momento no deseas recibir correos electr\u00f3nicos, correo postal o llamadas telef\u00f3nicas nuestras, h\u00e1znoslo saber envi\u00e1ndonos un correo electr\u00f3nico a info@litibubayclub.com. Nos reservamos el derecho, en cualquier momento, de modificar, alterar o actualizar nuestras pol\u00edticas, con efecto a partir de su publicaci\u00f3n. En caso de que modifiquemos nuestras pol\u00edticas, tu uso continuado del sitio significar\u00e1 tu aceptaci\u00f3n de la pol\u00edtica modificada. <strong>Aviso sobre los derechos de privacidad de los residentes en California:<\/strong> Litibu Bay Club ha adoptado la pol\u00edtica de no compartir tu informaci\u00f3n personal identificable con terceros para sus fines de marketing directo si solicitas que no lo hagamos (\u00abPol\u00edtica de Exclusi\u00f3n\u00bb). Puedes realizar dicha solicitud envi\u00e1ndonos un correo electr\u00f3nico a <a href=\"mailto:info@litibubayclub.com\">info@litibubayclub.com.<\/a> Cuando te pongas en contacto con nosotros, ind\u00edcanos tu nombre, direcci\u00f3n, direcci\u00f3n de correo electr\u00f3nico, a qu\u00e9 Sitio Web, Aplicaci\u00f3n o l\u00ednea de negocio se refiere tu solicitud, y qu\u00e9 informaci\u00f3n personal no quieres que compartamos con terceros para sus fines de marketing directo. Ten en cuenta que el control del uso compartido de tu informaci\u00f3n personal o la tramitaci\u00f3n de esta solicitud son gratuitos. Si eres residente en California y has proporcionado informaci\u00f3n personal a una empresa con una Pol\u00edtica de Exclusi\u00f3n y dicha empresa est\u00e1 obligada a responder a tales solicitudes, puedes tener derecho por ley a solicitar cierta informaci\u00f3n relativa a las divulgaciones de informaci\u00f3n de identificaci\u00f3n personal realizadas por dicha empresa a terceros con fines de marketing directo de terceros durante el a\u00f1o natural inmediatamente anterior (\u00abSolicitud de Divulgaci\u00f3n\u00bb). Dicha empresa no est\u00e1 obligada a responder a m\u00e1s de una Solicitud de Divulgaci\u00f3n por cliente cada a\u00f1o, ni a responder a solicitudes realizadas por medios distintos a la informaci\u00f3n de contacto designada por la empresa para tales fines. Sin embargo, ten en cuenta que debido a nuestra Pol\u00edtica de Exclusi\u00f3n descrita en el p\u00e1rrafo anterior, no estamos obligados por ley a proporcionarte la informaci\u00f3n solicitada. <strong>Correcci\u00f3n o eliminaci\u00f3n de tu informaci\u00f3n personal\/exclusi\u00f3n voluntaria:<\/strong> Para revisar o modificar tu informaci\u00f3n personal recopilada por GBM Real Estate o Developers, env\u00eda tu solicitud, incluyendo el sitio web o la l\u00ednea de negocio a la que pertenece tu solicitud, a <a href=\"mailto:info@litibubayclub.com\">info@litibubayclub.com.<\/a> Si deseas darte de baja de una lista de correo electr\u00f3nico del Litibu Bay Club, h\u00e1znoslo saber siguiendo las instrucciones de \u00abBaja\u00bb que se incluyen en cada correo electr\u00f3nico promocional del Litibu Bay Club. Ten en cuenta que dichas solicitudes pueden tardar hasta diez (10) d\u00edas laborables en hacerse efectivas. No puedes optar por no recibir comunicaciones relativas a tus compras, transacciones, tratos con los Sitios Web o Aplicaciones.               <\/p>\n<h4>1) ENTIDAD RESPONSABLE<\/h4>\n<p> El Fideicomiso GBM Bienes Ra\u00edces Litibu n\u00famero B-1723 (\u00abGBM Bienes Ra\u00edces\u00bb), con domicilio en L\u00e1zaro C\u00e1rdenas 303, Piso 29, San Pedro Garza Garc\u00eda, M\u00e9xico, 66260 es responsable de la recopilaci\u00f3n de los datos personales de todos los clientes o posibles clientes de LBC (en conjunto, los \u00abClientes de LBC\u00bb), as\u00ed como del uso y protecci\u00f3n de dichos datos. <\/p>\n<h4>2) PROP\u00d3SITOS<\/h4>\n<p> De conformidad con el art\u00edculo 15 de la Ley Federal de Protecci\u00f3n de Datos Personales en Posesi\u00f3n de los Particulares (la \u00abLey de Protecci\u00f3n de Datos\u00bb), vigente a partir del 6 de julio de 2010, LBC informa a todos los Clientes de LBC que utilizar\u00e1 todos los datos personales proporcionados a GBM Real Estate por todos los Clientes de LBC que sean personas f\u00edsicas identificadas o identificables, para los siguientes fines: <strong>2.01<\/strong> proporcionar los bienes o servicios que los Clientes de LBC hayan adquirido o puedan estar interesados en adquirir de \u00e9sta; <strong>2.02<\/strong> comercializar otros productos o servicios ofrecidos por LBC; <strong>2.03<\/strong> actualizar los registros y software instalados bien en los sistemas de LBC, bien en los de los beneficiarios de LBC o en los beneficiarios, filiales y\/o subsidiarias de estos \u00faltimos, y <strong>2.04<\/strong> Cumplir con todos los requerimientos hechos a LBC, a los accionistas o beneficiarios de LBC y\/o a los accionistas, beneficiarios, filiales y\/o subsidiarias de \u00e9sta, por autoridades gubernamentales. Dentro de lo previsto en este Apartado 2, aquellas finalidades comprendidas en los apartados 2.01, 2.03 y 2.04 se originaron y son necesarias para las relaciones jur\u00eddicas entre LBC y sus Clientes.  <\/p>\n<h4>3) DATOS A OBTENER<\/h4>\n<p> Para los fines mencionados en la Secci\u00f3n 2, m\u00e1s arriba, GBM Real Estate necesita obtener el nombre, la nacionalidad, la direcci\u00f3n, el n\u00famero de identificaci\u00f3n fiscal (si procede) y la direcci\u00f3n de correo electr\u00f3nico, de todos los Clientes de LBC. LBC no obtiene los datos personales de los Clientes de LBC de fuentes de acceso p\u00fablico, pero puede obtener algunos de los datos enumerados anteriormente a partir de transferencias de datos, tal y como se describe en la Secci\u00f3n 6 m\u00e1s adelante.  <\/p>\n<h4>4) MEDIDAS DE SEGURIDAD<\/h4>\n<p> GBM Inmobiliaria, como responsable del manejo de los datos personales de todos los Clientes de LBC, garantiza el uso adecuado de los mismos, as\u00ed como su protecci\u00f3n y confidencialidad; para tal efecto, GBM Inmobiliaria ha implementado aquellas medidas de seguridad administrativas, t\u00e9cnicas y f\u00edsicas necesarias para cumplir con la normatividad aplicable y con las pol\u00edticas internas de los accionistas y beneficiarios de LBC y\/o de los accionistas, beneficiarios, filiales y\/o subsidiarias de \u00e9sta. <\/p>\n<h4>5) EJERCICIO DE LOS DERECHOS DE ARCO<\/h4>\n<p>  De conformidad con la Ley de Protecci\u00f3n de Datos, a partir del 6 de enero de 2012, todos los Clientes de LBC tienen derecho a acceder, rectificar y cancelar sus datos personales en posesi\u00f3n de GBM Real Estate, as\u00ed como a oponerse al tratamiento de los mismos para finalidades distintas de las estrictamente necesarias para la relaci\u00f3n jur\u00eddica entre los Clientes de LBC y \u00e9sta, o a revocar el consentimiento que para el tratamiento de sus datos personales los Clientes de LBC hubieran otorgado a LBC, mediante los procedimientos que GBM Real Estate tenga implementados (dichos derechos, los \u00abDerechos ARCO\u00bb).<br \/>\nPara recibir informaci\u00f3n sobre los procedimientos aplicables al ejercicio de los Derechos ARCO, incluyendo los requisitos y plazos correspondientes, LBC puede consultar <a href=\"https:\/\/litibubayclub.com\/privacy\">LitibuBayClub.com\/Privacidad<\/a>.<br \/>\n<strong>5.<\/strong> 01 El ejercicio de cualquiera de los Derechos ARCO, as\u00ed como la revocaci\u00f3n del consentimiento respecto de los datos personales, ser\u00e1 gratuito para todos los interesados; los \u00fanicos gastos que ser\u00e1n cubiertos por \u00e9stos para tales efectos ser\u00e1n, en su caso, los relativos a la entrega, copia y certificaci\u00f3n de documentos.<br \/>\n<strong>5.02<\/strong> El ejercicio de los Derechos ARCO requerir\u00e1 la previa identificaci\u00f3n del interesado, tal y como se describe en <a href=\"https:\/\/litibubayclub.com\/privacy\">LitibuBayClub.com\/Privacidad<\/a>.<br \/>\n5<strong>.03<\/strong> GBM Inmobiliaria responder\u00e1 a todas las solicitudes relativas al ejercicio de cualquiera de los Derechos ARCO dentro de los veinte d\u00edas h\u00e1biles siguientes a la recepci\u00f3n de aqu\u00e9llas; salvo en los casos en que resulte aplicable una ampliaci\u00f3n de dicho plazo conforme a la Ley de Protecci\u00f3n de Datos.<br \/>\n<strong>5.<\/strong> 04 El procedimiento de revocaci\u00f3n del consentimiento a disposici\u00f3n de los Clientes del LBC, el cual tambi\u00e9n aplica para el ejercicio de cualquiera de los Derechos ARCO, se encuentra disponible en <a href=\"https:\/\/litibubayclub.com\/privacy\">LitibuBayClub.com\/Privacidad<\/a> o puede ser enviado previa solicitud formulada a <a href=\"mailto:info@litibubayclub.com\">info@litibubayclub.com,<\/a> o al departamento de datos personales de GBM Inmobiliaria, con domicilio en L\u00e1zaro C\u00e1rdenas 303, Piso 29, San Pedro Garza Garc\u00eda, M\u00e9xico, 66260.<br \/>\n<strong>5.05<\/strong> El Club responder\u00e1 a todas las solicitudes de revocaci\u00f3n del consentimiento conforme al procedimiento descrito en <a href=\"https:\/\/litibubayclub.com\/privacy\">LitibuBayClub.com\/Privacidad<\/a>.        <\/p>\n<h4>6) TRANSFERENCIAS DE DATOS<\/h4>\n<p>  Los datos personales de los Clientes de LBC podr\u00e1n ser transferidos y utilizados dentro de M\u00e9xico, por<br \/>\n(i) los accionistas, beneficiarios, filiales y\/o subsidiarias de LBC, o<br \/>\n(ii) por las autoridades gubernamentales que regulan a los primeros, para los mismos fines enumerados en el apartado 2, anterior.<br \/>\nCada vez que LBC pretenda transferir datos personales de Clientes LBC, deber\u00e1 notificarlo a \u00e9stos para que quienes as\u00ed lo deseen puedan oponerse a dicha transferencia; lo anterior, salvo en aquellos casos en que la legislaci\u00f3n o normatividad aplicable permita dicha transferencia sin el consentimiento de los Clientes LBC.     <\/p>\n<h4>7) NO CONVOCATORIA<\/h4>\n<p>  SI NO CONSIENTES QUE TUS DATOS PERSONALES SEAN TRANSFERIDOS CONFORME A ESTA DECLARACI\u00d3N DE PRIVACIDAD, INFORMA DE ELLO AL REPRESENTANTE DE LBC QUE TE ATIENDA O PONTE EN CONTACTO CON EL CLUB EN <a href=\"mailto:info@litibubayclub.com\">info@litibubayclub.com<\/a> O EN LA DIRECCI\u00d3N INDICADA EN EL APARTADO 8.  <\/p>\n<h4>8) NO CONVOCATORIA<\/h4>\n<p>  En caso de que los Clientes de LBC deseen dejar de recibir mensajes promocionales de la primera, podr\u00e1n instruirlo al departamento de datos personales de GBM Bienes Ra\u00edces, a trav\u00e9s de <a href=\"mailto:info@litibubayclub.com\">info@litibubayclub.com<\/a> con domicilio en Carretera Punta de Mita &#8211; Sayulita, Km 2 Punta de Mita, Nayarit 63734 M\u00e9xico.  <\/p>\n<h4>9) MODIFICACIONES DE LA POL\u00cdTICA DE PRIVACIDAD<\/h4>\n<p>  LBC se reserva el derecho de modificar, reformular o actualizar la presente declaraci\u00f3n de privacidad en cualquier momento, como consecuencia de cambios en las disposiciones legales o administrativas o en las pol\u00edticas internas de LBC, de los accionistas, beneficiarios de LBC y\/o de los accionistas, beneficiarios, filiales y\/o subsidiarias de estos \u00faltimos.<br \/>\nDichas modificaciones o actualizaciones se encontrar\u00e1n en <a href=\"https:\/\/litibubayclub.com\/privacy\">LitibuBayClub.com\/Privacidad<\/a>. <\/p>\n","protected":false},"excerpt":{"rendered":"<p>PRIVACIDAD En vigor desde el 1 de julio de 2024 <a href=\"https:\/\/litibubayclub.com\/es\/privacidad\/\"> [&#8230;]<\/a><\/p>\n","protected":false},"author":1,"featured_media":0,"parent":0,"menu_order":0,"comment_status":"closed","ping_status":"open","template":"","meta":{"footnotes":""},"class_list":["post-1018","page","type-page","status-publish","hentry"],"yoast_head":"<!-- This site is optimized with the Yoast SEO plugin v27.4 - https:\/\/yoast.com\/product\/yoast-seo-wordpress\/ -->\n<title>Privacidad - Litibu Bay Club<\/title>\n<meta name=\"robots\" content=\"index, follow, max-snippet:-1, max-image-preview:large, max-video-preview:-1\" \/>\n<link rel=\"canonical\" href=\"https:\/\/litibubayclub.com\/es\/privacidad\/\" \/>\n<meta property=\"og:locale\" content=\"es_ES\" \/>\n<meta property=\"og:type\" content=\"article\" \/>\n<meta property=\"og:title\" content=\"Privacidad - Litibu Bay Club\" \/>\n<meta property=\"og:description\" content=\"PRIVACIDAD En vigor desde el 1 de julio de 2024 [...]\" \/>\n<meta property=\"og:url\" content=\"https:\/\/litibubayclub.com\/es\/privacidad\/\" \/>\n<meta property=\"og:site_name\" content=\"Litibu Bay Club\" \/>\n<meta property=\"article:modified_time\" content=\"2024-08-29T19:33:26+00:00\" \/>\n<meta name=\"twitter:card\" content=\"summary_large_image\" \/>\n<meta name=\"twitter:label1\" content=\"Tiempo de lectura\" \/>\n\t<meta name=\"twitter:data1\" content=\"11 minutos\" \/>\n<script type=\"application\/ld+json\" class=\"yoast-schema-graph\">{\"@context\":\"https:\\\/\\\/schema.org\",\"@graph\":[{\"@type\":\"WebPage\",\"@id\":\"https:\\\/\\\/litibubayclub.com\\\/es\\\/privacidad\\\/\",\"url\":\"https:\\\/\\\/litibubayclub.com\\\/es\\\/privacidad\\\/\",\"name\":\"Privacidad - Litibu Bay Club\",\"isPartOf\":{\"@id\":\"https:\\\/\\\/litibubayclub.com\\\/es\\\/#website\"},\"datePublished\":\"2024-06-20T20:14:28+00:00\",\"dateModified\":\"2024-08-29T19:33:26+00:00\",\"breadcrumb\":{\"@id\":\"https:\\\/\\\/litibubayclub.com\\\/es\\\/privacidad\\\/#breadcrumb\"},\"inLanguage\":\"es\",\"potentialAction\":[{\"@type\":\"ReadAction\",\"target\":[\"https:\\\/\\\/litibubayclub.com\\\/es\\\/privacidad\\\/\"]}]},{\"@type\":\"BreadcrumbList\",\"@id\":\"https:\\\/\\\/litibubayclub.com\\\/es\\\/privacidad\\\/#breadcrumb\",\"itemListElement\":[{\"@type\":\"ListItem\",\"position\":1,\"name\":\"Home\",\"item\":\"https:\\\/\\\/litibubayclub.com\\\/es\\\/club-de-la-bahia-de-litibu\\\/\"},{\"@type\":\"ListItem\",\"position\":2,\"name\":\"Privacidad\"}]},{\"@type\":\"WebSite\",\"@id\":\"https:\\\/\\\/litibubayclub.com\\\/es\\\/#website\",\"url\":\"https:\\\/\\\/litibubayclub.com\\\/es\\\/\",\"name\":\"Litibu Bay Club\",\"description\":\"Beach Living Beyond the Expected\",\"publisher\":{\"@id\":\"https:\\\/\\\/litibubayclub.com\\\/es\\\/#organization\"},\"potentialAction\":[{\"@type\":\"SearchAction\",\"target\":{\"@type\":\"EntryPoint\",\"urlTemplate\":\"https:\\\/\\\/litibubayclub.com\\\/es\\\/?s={search_term_string}\"},\"query-input\":{\"@type\":\"PropertyValueSpecification\",\"valueRequired\":true,\"valueName\":\"search_term_string\"}}],\"inLanguage\":\"es\"},{\"@type\":\"Organization\",\"@id\":\"https:\\\/\\\/litibubayclub.com\\\/es\\\/#organization\",\"name\":\"Litibu Bay Club\",\"url\":\"https:\\\/\\\/litibubayclub.com\\\/es\\\/\",\"logo\":{\"@type\":\"ImageObject\",\"inLanguage\":\"es\",\"@id\":\"https:\\\/\\\/litibubayclub.com\\\/es\\\/#\\\/schema\\\/logo\\\/image\\\/\",\"url\":\"https:\\\/\\\/i0.wp.com\\\/litibubayclub.com\\\/wp-content\\\/uploads\\\/2024\\\/04\\\/LBC-Color-Vert-200.png?fit=200%2C343&ssl=1\",\"contentUrl\":\"https:\\\/\\\/i0.wp.com\\\/litibubayclub.com\\\/wp-content\\\/uploads\\\/2024\\\/04\\\/LBC-Color-Vert-200.png?fit=200%2C343&ssl=1\",\"width\":200,\"height\":343,\"caption\":\"Litibu Bay Club\"},\"image\":{\"@id\":\"https:\\\/\\\/litibubayclub.com\\\/es\\\/#\\\/schema\\\/logo\\\/image\\\/\"}}]}<\/script>\n<!-- \/ Yoast SEO plugin. -->","yoast_head_json":{"title":"Privacidad - Litibu Bay Club","robots":{"index":"index","follow":"follow","max-snippet":"max-snippet:-1","max-image-preview":"max-image-preview:large","max-video-preview":"max-video-preview:-1"},"canonical":"https:\/\/litibubayclub.com\/es\/privacidad\/","og_locale":"es_ES","og_type":"article","og_title":"Privacidad - Litibu Bay Club","og_description":"PRIVACIDAD En vigor desde el 1 de julio de 2024 [...]","og_url":"https:\/\/litibubayclub.com\/es\/privacidad\/","og_site_name":"Litibu Bay Club","article_modified_time":"2024-08-29T19:33:26+00:00","twitter_card":"summary_large_image","twitter_misc":{"Tiempo de lectura":"11 minutos"},"schema":{"@context":"https:\/\/schema.org","@graph":[{"@type":"WebPage","@id":"https:\/\/litibubayclub.com\/es\/privacidad\/","url":"https:\/\/litibubayclub.com\/es\/privacidad\/","name":"Privacidad - Litibu Bay Club","isPartOf":{"@id":"https:\/\/litibubayclub.com\/es\/#website"},"datePublished":"2024-06-20T20:14:28+00:00","dateModified":"2024-08-29T19:33:26+00:00","breadcrumb":{"@id":"https:\/\/litibubayclub.com\/es\/privacidad\/#breadcrumb"},"inLanguage":"es","potentialAction":[{"@type":"ReadAction","target":["https:\/\/litibubayclub.com\/es\/privacidad\/"]}]},{"@type":"BreadcrumbList","@id":"https:\/\/litibubayclub.com\/es\/privacidad\/#breadcrumb","itemListElement":[{"@type":"ListItem","position":1,"name":"Home","item":"https:\/\/litibubayclub.com\/es\/club-de-la-bahia-de-litibu\/"},{"@type":"ListItem","position":2,"name":"Privacidad"}]},{"@type":"WebSite","@id":"https:\/\/litibubayclub.com\/es\/#website","url":"https:\/\/litibubayclub.com\/es\/","name":"Litibu Bay Club","description":"Beach Living Beyond the Expected","publisher":{"@id":"https:\/\/litibubayclub.com\/es\/#organization"},"potentialAction":[{"@type":"SearchAction","target":{"@type":"EntryPoint","urlTemplate":"https:\/\/litibubayclub.com\/es\/?s={search_term_string}"},"query-input":{"@type":"PropertyValueSpecification","valueRequired":true,"valueName":"search_term_string"}}],"inLanguage":"es"},{"@type":"Organization","@id":"https:\/\/litibubayclub.com\/es\/#organization","name":"Litibu Bay Club","url":"https:\/\/litibubayclub.com\/es\/","logo":{"@type":"ImageObject","inLanguage":"es","@id":"https:\/\/litibubayclub.com\/es\/#\/schema\/logo\/image\/","url":"https:\/\/i0.wp.com\/litibubayclub.com\/wp-content\/uploads\/2024\/04\/LBC-Color-Vert-200.png?fit=200%2C343&ssl=1","contentUrl":"https:\/\/i0.wp.com\/litibubayclub.com\/wp-content\/uploads\/2024\/04\/LBC-Color-Vert-200.png?fit=200%2C343&ssl=1","width":200,"height":343,"caption":"Litibu Bay Club"},"image":{"@id":"https:\/\/litibubayclub.com\/es\/#\/schema\/logo\/image\/"}}]}},"jetpack_sharing_enabled":true,"_links":{"self":[{"href":"https:\/\/litibubayclub.com\/es\/wp-json\/wp\/v2\/pages\/1018","targetHints":{"allow":["GET"]}}],"collection":[{"href":"https:\/\/litibubayclub.com\/es\/wp-json\/wp\/v2\/pages"}],"about":[{"href":"https:\/\/litibubayclub.com\/es\/wp-json\/wp\/v2\/types\/page"}],"author":[{"embeddable":true,"href":"https:\/\/litibubayclub.com\/es\/wp-json\/wp\/v2\/users\/1"}],"replies":[{"embeddable":true,"href":"https:\/\/litibubayclub.com\/es\/wp-json\/wp\/v2\/comments?post=1018"}],"version-history":[{"count":3,"href":"https:\/\/litibubayclub.com\/es\/wp-json\/wp\/v2\/pages\/1018\/revisions"}],"predecessor-version":[{"id":1525,"href":"https:\/\/litibubayclub.com\/es\/wp-json\/wp\/v2\/pages\/1018\/revisions\/1525"}],"wp:attachment":[{"href":"https:\/\/litibubayclub.com\/es\/wp-json\/wp\/v2\/media?parent=1018"}],"curies":[{"name":"wp","href":"https:\/\/api.w.org\/{rel}","templated":true}]}}